{"id":3754,"date":"2024-11-13T10:55:55","date_gmt":"2024-11-13T02:55:55","guid":{"rendered":"https:\/\/taiteleather.com\/?page_id=3754"},"modified":"2025-03-31T10:17:56","modified_gmt":"2025-03-31T02:17:56","slug":"sitemap","status":"publish","type":"page","link":"https:\/\/taiteleather.com\/pt\/sitemap\/","title":{"rendered":"Mapa do s\u00edtio"},"content":{"rendered":"<div data-elementor-type=\"wp-page\" data-elementor-id=\"3754\" class=\"elementor elementor-3754\" data-elementor-post-type=\"page\">\n\t\t\t\t<div class=\"elementor-element elementor-element-1be4bd5 e-flex e-con-boxed e-con e-parent\" data-id=\"1be4bd5\" data-element_type=\"container\" data-e-type=\"container\">\n\t\t\t\t\t<div class=\"e-con-inner\">\n\t\t<div class=\"elementor-element elementor-element-dd93182 e-con-full e-flex e-con e-child\" data-id=\"dd93182\" data-element_type=\"container\" data-e-type=\"container\">\n\t\t\t\t<div class=\"elementor-element elementor-element-028058e elementor-widget elementor-widget-heading\" data-id=\"028058e\" data-element_type=\"widget\" data-e-type=\"widget\" data-widget_type=\"heading.default\">\n\t\t\t\t\t<h1 class=\"elementor-heading-title elementor-size-default\">Mapa do s\u00edtio<\/h1>\t\t\t\t<\/div>\n\t\t\t\t<\/div>\n\t\t<div class=\"elementor-element elementor-element-5a92a7e e-con-full e-flex e-con e-child\" data-id=\"5a92a7e\" data-element_type=\"container\" data-e-type=\"container\">\n\t\t\t\t<div class=\"elementor-element elementor-element-087d3d1 elementor-widget elementor-widget-heading\" data-id=\"087d3d1\" data-element_type=\"widget\" data-e-type=\"widget\" data-widget_type=\"heading.default\">\n\t\t\t\t\t<h2 class=\"elementor-heading-title elementor-size-default\">P\u00e1ginas<\/h2>\t\t\t\t<\/div>\n\t\t\t\t<div class=\"elementor-element elementor-element-801e4a5 elementor-widget elementor-widget-text-editor\" data-id=\"801e4a5\" data-element_type=\"widget\" data-e-type=\"widget\" data-widget_type=\"text-editor.default\">\n\t\t\t\t\t\t\t\t\t<ul><li><a href=\"https:\/\/taiteleather.com\/pt\/\">In\u00edcio<\/a><\/li><li><a href=\"https:\/\/taiteleather.com\/pt\/applications\/\">Aplica\u00e7\u00f5es<\/a><\/li><\/ul><p>\u00a0 \u00a0 \u00a0<a href=\"https:\/\/taiteleather.com\/pt\/applications\/sport\/\">Desporto<\/a><\/p><p>\u00a0 \u00a0 \u00a0 \u00a0 <a href=\"https:\/\/taiteleather.com\/pt\/applications\/sport\/ball-fabric\/\">Tecido de bolas<\/a><\/p><p>\u00a0 \u00a0 \u00a0 \u00a0 <a href=\"https:\/\/taiteleather.com\/pt\/applications\/sport\/grip-fabric\/\">Tecido de ader\u00eancia<\/a><\/p><p>\u00a0 \u00a0 \u00a0 \u00a0 <a href=\"https:\/\/taiteleather.com\/pt\/applications\/sport-glove-materials\/\">Materiais para luvas desportivas<\/a><\/p><p>\u00a0 \u00a0 \u00a0<a href=\"https:\/\/taiteleather.com\/pt\/applications\/fashion\/\">Moda<\/a><\/p><p>\u00a0 \u00a0 \u00a0 \u00a0 \u00a0<a href=\"https:\/\/taiteleather.com\/pt\/applications\/fashion\/bag-fabric\/\">Tecido do saco<\/a><\/p><p>\u00a0 \u00a0 \u00a0 \u00a0 \u00a0<a href=\"https:\/\/taiteleather.com\/pt\/applications\/sport-glove-materials\/\">Tecido para vestu\u00e1rio de couro<\/a><\/p><p>\u00a0 \u00a0 \u00a0<a href=\"https:\/\/taiteleather.com\/pt\/applications\/car-upholstery-leather\/\">Couro para estofos de autom\u00f3veis<\/a><\/p><p>\u00a0 \u00a0 \u00a0<a href=\"https:\/\/taiteleather.com\/pt\/applications\/furniture\/furniture-leather-fabric\/\">Mobili\u00e1rio Couro Tecido<\/a><\/p><p>\u00a0 \u00a0 \u00a0<a href=\"https:\/\/taiteleather.com\/pt\/applications\/electronic-product-fabric\/\">Tecido para produtos electr\u00f3nicos<\/a><\/p><p>\u00a0 \u00a0 \u00a0<a href=\"https:\/\/taiteleather.com\/pt\/applications\/medical-product-leather-fabrics\/\">Tecidos de couro para produtos m\u00e9dicos<\/a><\/p><ul><li><a href=\"https:\/\/taiteleather.com\/pt\/leather-fabric\/\">Tecido de couro<\/a><\/li><\/ul><p>\u00a0 \u00a0 \u00a0 \u00a0 <a href=\"https:\/\/taiteleather.com\/pt\/leather-fabric\/pu-leather\/\">couro pu<\/a><\/p><p>\u00a0 \u00a0 \u00a0 \u00a0 \u00a0 \u00a0<a href=\"https:\/\/taiteleather.com\/pt\/leather-fabric\/pu-leather\/regular-pu-leather\/\">Couro PU normal<\/a><\/p><p>\u00a0 \u00a0 \u00a0 \u00a0 \u00a0 \u00a0<a href=\"https:\/\/taiteleather.com\/pt\/leather-fabric\/pu-leather\/pu-leather-for-racket-grip\/\">Couro sint\u00e9tico para o punho da raquete<\/a><\/p><p>\u00a0 \u00a0 \u00a0 \u00a0 \u00a0 \u00a0<a href=\"https:\/\/taiteleather.com\/pt\/leather-fabric\/pu-leather\/water-based-pu-leather\/\">Couro PU \u00e0 base de \u00e1gua<\/a><\/p><p>\u00a0 \u00a0 \u00a0 \u00a0 \u00a0 \u00a0 <a href=\"https:\/\/taiteleather.com\/pt\/leather-fabric\/pu-leather\/solvent-free-pu-leather\/\">Couro PU sem solventes<\/a><\/p><p>\u00a0 \u00a0 \u00a0 \u00a0 \u00a0 \u00a0 <a href=\"https:\/\/taiteleather.com\/pt\/leather-fabric\/pu-leather\/recycled-leather\/\">Couro reciclado<\/a><\/p><p>\u00a0 \u00a0 \u00a0 \u00a0<a href=\"https:\/\/taiteleather.com\/pt\/leather-fabric\/microfiber-leather\/\"> couro de microfibra<\/a><\/p><p>\u00a0 \u00a0 \u00a0 \u00a0 \u00a0 \u00a0 \u00a0<a href=\"https:\/\/taiteleather.com\/pt\/leather-fabric\/microfiber-leather\/microfiber-leather-fabric-for-sofa\/\">Tecido de couro de microfibra para sof\u00e1<\/a><\/p><p>\u00a0 \u00a0 \u00a0 \u00a0 \u00a0 \u00a0 \u00a0<a href=\"https:\/\/taiteleather.com\/pt\/leather-fabric\/microfiber-leather\/microfiber-leather-for-car\/\">Couro de microfibra para carro<\/a><\/p><p>\u00a0 \u00a0 \u00a0 \u00a0 \u00a0 \u00a0 \u00a0<a href=\"https:\/\/taiteleather.com\/pt\/leather-fabric\/microfiber-leather\/microfiber-leather-for-shoes\/\">couro de microfibra para sapatos<\/a><\/p><p>\u00a0 \u00a0 \u00a0 \u00a0 <a href=\"https:\/\/taiteleather.com\/pt\/leather-fabric\/biodegradable-leather\/\">Couro biodegrad\u00e1vel<\/a><\/p><ul><li><a href=\"https:\/\/taiteleather.com\/pt\/about-taite-group\/\">Sobre o Grupo Taite<\/a><\/li><li><a href=\"https:\/\/taiteleather.com\/pt\/blog\/\">Blogue<\/a><\/li><li><a href=\"https:\/\/taiteleather.com\/pt\/contact\/\">Contacto<\/a><\/li><\/ul>\t\t\t\t\t\t\t\t<\/div>\n\t\t\t\t<\/div>\n\t\t<div class=\"elementor-element elementor-element-c2acac0 e-con-full e-flex e-con e-child\" data-id=\"c2acac0\" data-element_type=\"container\" data-e-type=\"container\">\n\t\t\t\t<div class=\"elementor-element elementor-element-c7655c6 elementor-widget elementor-widget-heading\" data-id=\"c7655c6\" data-element_type=\"widget\" data-e-type=\"widget\" data-widget_type=\"heading.default\">\n\t\t\t\t\t<h2 class=\"elementor-heading-title elementor-size-default\">Categorias de artigos<\/h2>\t\t\t\t<\/div>\n\t\t\t\t<\/div>\n\t\t<div class=\"elementor-element elementor-element-02a14f1 e-con-full e-flex e-con e-child\" data-id=\"02a14f1\" data-element_type=\"container\" data-e-type=\"container\">\n\t\t\t\t<div class=\"elementor-element elementor-element-fd25ae8 elementor-widget elementor-widget-text-editor\" data-id=\"fd25ae8\" data-element_type=\"widget\" data-e-type=\"widget\" data-widget_type=\"text-editor.default\">\n\t\t\t\t\t\t\t\t\t<ul><li><strong>Categoria:<\/strong> <a href=\"https:\/\/taiteleather.com\/pt\/category\/biodegradable-leather-blog\/\">Blogue sobre couro biodegrad\u00e1vel<\/a><\/li><li>\u00a0 \u00a0 \u00a0 \u00a0 \u00a0 \u00a0 \u00a0 \u00a0 \u00a0 \u00a0 \u00a0 \u00a0 \u00a0<a href=\"https:\/\/taiteleather.com\/pt\/what-is-biodegradable-leather\/\">O que \u00e9 o couro biodegrad\u00e1vel?<\/a><\/li><li>\u00a0 \u00a0 \u00a0 \u00a0 \u00a0 \u00a0 \u00a0 \u00a0 \u00a0 \u00a0 \u00a0 \u00a0 \u00a0<a href=\"https:\/\/taiteleather.com\/pt\/is-leather-biodegradable\/\">O couro \u00e9 biodegrad\u00e1vel?<\/a><\/li><li><strong>Categoria:<\/strong> <a href=\"https:\/\/taiteleather.com\/pt\/category\/fabric-blog\/\">Blogue sobre tecidos<\/a><\/li><li>\u00a0 \u00a0 \u00a0 \u00a0 \u00a0 \u00a0 \u00a0 \u00a0 \u00a0 \u00a0 \u00a0 \u00a0 \u00a0<a href=\"https:\/\/taiteleather.com\/pt\/can-you-glue-fabric-to-leather\/\">\u00c9 poss\u00edvel colar tecido em couro<\/a><\/li><li>\u00a0 \u00a0 \u00a0 \u00a0 \u00a0 \u00a0 \u00a0 \u00a0 \u00a0 \u00a0 \u00a0 \u00a0 \u00a0<a href=\"https:\/\/taiteleather.com\/pt\/where-can-i-buy-leather-fabric\/\">Onde posso comprar tecido de couro?<\/a><\/li><li>\u00a0 \u00a0 \u00a0 \u00a0 \u00a0 \u00a0 \u00a0 \u00a0 \u00a0 \u00a0 \u00a0 \u00a0 \u00a0<a href=\"https:\/\/taiteleather.com\/pt\/what-is-leather-fabric\/\">O que \u00e9 um tecido de couro<\/a><\/li><li>\u00a0 \u00a0 \u00a0 \u00a0 \u00a0 \u00a0 \u00a0 \u00a0 \u00a0 \u00a0 \u00a0 \u00a0 \u00a0<a href=\"https:\/\/taiteleather.com\/pt\/what-is-faux-leather-fabric-made-of\/\">De que \u00e9 feito o tecido de couro falso?<\/a><\/li><li>\u00a0 \u00a0 \u00a0 \u00a0 \u00a0 \u00a0 \u00a0 \u00a0 \u00a0 \u00a0 \u00a0 \u00a0 \u00a0<a href=\"https:\/\/taiteleather.com\/pt\/is-leather-look-fabric-durable\/\">O tecido com aspeto de couro \u00e9 dur\u00e1vel?<\/a><\/li><li>\u00a0 \u00a0 \u00a0 \u00a0 \u00a0 \u00a0 \u00a0 \u00a0 \u00a0 \u00a0 \u00a0 \u00a0 <a href=\"https:\/\/taiteleather.com\/pt\/is-leather-fabric-expensive\/\">\u00a0O tecido de couro \u00e9 caro?<\/a><\/li><li>\u00a0 \u00a0 \u00a0 \u00a0 \u00a0 \u00a0 \u00a0 \u00a0 \u00a0 \u00a0 \u00a0 \u00a0 \u00a0<a href=\"https:\/\/taiteleather.com\/pt\/is-leather-better-than-fabric\/\">O couro \u00e9 melhor do que o tecido?<\/a><\/li><li>\u00a0 \u00a0 \u00a0 \u00a0 \u00a0 \u00a0 \u00a0 \u00a0 \u00a0 \u00a0 \u00a0 \u00a0 \u00a0<a href=\"https:\/\/taiteleather.com\/pt\/is-leather-a-non-woven-fabric\/\">O couro \u00e9 um tecido n\u00e3o tecido?<\/a><\/li><li>\u00a0 \u00a0 \u00a0 \u00a0 \u00a0 \u00a0 \u00a0 \u00a0 \u00a0 \u00a0 \u00a0 \u00a0 \u00a0<a href=\"https:\/\/taiteleather.com\/pt\/is-leather-a-natural-fabric\/\">O couro \u00e9 um tecido natural?<\/a><\/li><li>\u00a0 \u00a0 \u00a0 \u00a0 \u00a0 \u00a0 \u00a0 \u00a0 \u00a0 \u00a0 \u00a0 \u00a0 \u00a0<a href=\"https:\/\/taiteleather.com\/pt\/how-much-does-leather-fabric-cost\/\">Quanto custa o tecido de couro?<\/a><\/li><li><strong>Categoria:<\/strong> <a href=\"https:\/\/taiteleather.com\/pt\/category\/grip-tape-blog\/\">Blogue da fita adesiva<\/a><\/li><li><a href=\"https:\/\/taiteleather.com\/pt\/how-to-make-a-custom-grip-tape\/\">\u00a0 \u00a0 \u00a0 \u00a0 \u00a0 \u00a0 \u00a0 \u00a0 \u00a0 \u00a0 \u00a0 \u00a0 \u00a0Como fazer uma fita adesiva personalizada<\/a><\/li><li><strong>Categoria:<\/strong> <a href=\"https:\/\/taiteleather.com\/pt\/category\/microfiber-leather-blog\/\">Blogue sobre couro de microfibra<\/a><\/li><li>\u00a0 \u00a0 \u00a0 \u00a0 \u00a0 \u00a0 \u00a0 \u00a0 \u00a0 \u00a0 \u00a0 \u00a0 \u00a0 \u00a0 \u00a0 <a href=\"https:\/\/taiteleather.com\/pt\/which-is-more-comfortable-and-durable-microfiber-or-faux-leather\/\">O que \u00e9 mais confort\u00e1vel e duradouro Microfibra ou pele sint\u00e9tica<\/a><\/li><li><a href=\"https:\/\/taiteleather.com\/pt\/what-is-the-difference-between-microfiber-leather-and-normal-leather\/\">\u00a0 \u00a0 \u00a0 \u00a0 \u00a0 \u00a0 \u00a0 \u00a0 \u00a0 \u00a0 \u00a0 \u00a0 \u00a0 \u00a0 \u00a0 Qual \u00e9 a diferen\u00e7a entre o couro de microfibra e o couro normal?<\/a><\/li><li>\u00a0 \u00a0 \u00a0 \u00a0 \u00a0 \u00a0 \u00a0 \u00a0 \u00a0 \u00a0 \u00a0 \u00a0 \u00a0 \u00a0 \u00a0 <a href=\"https:\/\/taiteleather.com\/pt\/what-is-microfiber-pu-leather\/\">O que \u00e9 o couro PU de microfibra<\/a><\/li><li>\u00a0 \u00a0 \u00a0 \u00a0 \u00a0 \u00a0 \u00a0 \u00a0 \u00a0 \u00a0 \u00a0 \u00a0 \u00a0 \u00a0 \u00a0 <a href=\"https:\/\/taiteleather.com\/pt\/what-is-microfiber-leather-made-of\/\">De que \u00e9 feito o couro de microfibra?<\/a><\/li><li>\u00a0 \u00a0 \u00a0 \u00a0 \u00a0 \u00a0 \u00a0 \u00a0 \u00a0 \u00a0 \u00a0 \u00a0 \u00a0 \u00a0 \u00a0 <a href=\"https:\/\/taiteleather.com\/pt\/what-is-microfiber-leather\/\">O que \u00e9 o couro de microfibra<\/a><\/li><li>\u00a0 \u00a0 \u00a0 \u00a0 \u00a0 \u00a0 \u00a0 \u00a0 \u00a0 \u00a0 \u00a0 \u00a0 \u00a0 \u00a0 \u00a0 <a href=\"https:\/\/taiteleather.com\/pt\/is-microfiber-leather-waterproof\/\">O couro de microfibra \u00e9 imperme\u00e1vel?<\/a><\/li><li>\u00a0 \u00a0 \u00a0 \u00a0 \u00a0 \u00a0 \u00a0 \u00a0 \u00a0 \u00a0 \u00a0 \u00a0 \u00a0 \u00a0 \u00a0 <a href=\"https:\/\/taiteleather.com\/pt\/is-microfiber-leather-eco-friendly\/\">O couro de microfibra \u00e9 amigo do ambiente?<\/a><\/li><li>\u00a0 \u00a0 \u00a0 \u00a0 \u00a0 \u00a0 \u00a0 \u00a0 \u00a0 \u00a0 \u00a0 \u00a0 \u00a0 \u00a0 \u00a0 <a href=\"https:\/\/taiteleather.com\/pt\/is-microfiber-leather-durable\/\">O couro de microfibra \u00e9 dur\u00e1vel?<\/a><\/li><li>\u00a0 \u00a0 \u00a0 \u00a0 \u00a0 \u00a0 \u00a0 \u00a0 \u00a0 \u00a0 \u00a0 \u00a0 \u00a0 \u00a0 \u00a0 <a href=\"https:\/\/taiteleather.com\/pt\/how-to-clean-microfiber-faux-leather-couch\/\">Como limpar um sof\u00e1 de microfibra em pele sint\u00e9tica<\/a><\/li><li>\u00a0 \u00a0 \u00a0 \u00a0 \u00a0 \u00a0 \u00a0 \u00a0 \u00a0 \u00a0 \u00a0 \u00a0 \u00a0 \u00a0 \u00a0 <a href=\"https:\/\/taiteleather.com\/pt\/how-long-does-microfiber-leather-last\/\">Quanto tempo dura o couro de microfibra?<\/a><\/li><li><strong>Categoria:<\/strong> <a href=\"https:\/\/taiteleather.com\/pt\/category\/pu-leather-blog\/\">Blogue do couro PU<\/a><\/li><li>\u00a0 \u00a0 \u00a0 \u00a0 \u00a0 \u00a0 \u00a0 \u00a0 \u00a0 \u00a0 \u00a0 \u00a0 \u00a0 \u00a0 \u00a0 <a href=\"https:\/\/taiteleather.com\/pt\/what-is-microfiber-pu-leather\/\">O que \u00e9 o couro PU de microfibra<\/a><\/li><li>\u00a0 \u00a0 \u00a0 \u00a0 \u00a0 \u00a0 \u00a0 \u00a0 \u00a0 \u00a0 \u00a0 \u00a0 \u00a0 \u00a0 \u00a0 <a href=\"https:\/\/taiteleather.com\/pt\/what-is-water-based-pu-leather\/\">O que \u00e9 o couro PU \u00e0 base de \u00e1gua<\/a><\/li><li>\u00a0 \u00a0 \u00a0 \u00a0 \u00a0 \u00a0 \u00a0 \u00a0 \u00a0 \u00a0 \u00a0 \u00a0 \u00a0 \u00a0 \u00a0 <a href=\"https:\/\/taiteleather.com\/pt\/is-pu-leather-durable\/\">O couro PU \u00e9 dur\u00e1vel?<\/a><\/li><li>\u00a0 \u00a0 \u00a0 \u00a0 \u00a0 \u00a0 \u00a0 \u00a0 \u00a0 \u00a0 \u00a0 \u00a0 \u00a0 \u00a0 \u00a0 <a href=\"https:\/\/taiteleather.com\/pt\/how-to-clean-pu-leather\/\">Como limpar o couro pu<\/a><\/li><li>\u00a0 \u00a0 \u00a0 \u00a0 \u00a0 \u00a0 \u00a0 \u00a0 \u00a0 \u00a0 \u00a0 \u00a0 \u00a0 \u00a0 \u00a0 <a href=\"https:\/\/taiteleather.com\/pt\/how-long-does-pu-leather-last\/\">Qual \u00e9 a dura\u00e7\u00e3o do couro pu<\/a><\/li><li>\u00a0 \u00a0 \u00a0 \u00a0 \u00a0 \u00a0 \u00a0 \u00a0 \u00a0 \u00a0 \u00a0 \u00a0 \u00a0 \u00a0 \u00a0 <a href=\"https:\/\/taiteleather.com\/pt\/does-pu-leather-smell\/\">O couro sint\u00e9tico tem cheiro?<\/a><\/li><li>\u00a0 \u00a0 \u00a0 \u00a0 \u00a0 \u00a0 \u00a0 \u00a0 \u00a0 \u00a0 \u00a0 \u00a0 \u00a0 \u00a0 \u00a0 <a href=\"https:\/\/taiteleather.com\/pt\/is-pu-leather-real\/\">O couro PU \u00e9 verdadeiro?<\/a><\/li><li>\u00a0 \u00a0 \u00a0 \u00a0 \u00a0 \u00a0 \u00a0 \u00a0 \u00a0 \u00a0 \u00a0 \u00a0 \u00a0 \u00a0 \u00a0 <a href=\"https:\/\/taiteleather.com\/pt\/is-pu-leather-toxic\/\">O couro sint\u00e9tico \u00e9 t\u00f3xico?<\/a><\/li><li>\u00a0 \u00a0 \u00a0 \u00a0 \u00a0 \u00a0 \u00a0 \u00a0 \u00a0 \u00a0 \u00a0 \u00a0 \u00a0 \u00a0 \u00a0 <a href=\"https:\/\/taiteleather.com\/pt\/is-pu-leather-waterproof\/\">O couro pu \u00e9 imperme\u00e1vel<\/a><\/li><li>\u00a0 \u00a0 \u00a0 \u00a0 \u00a0 \u00a0 \u00a0 \u00a0 \u00a0 \u00a0 \u00a0 \u00a0 \u00a0 \u00a0 \u00a0 <a href=\"https:\/\/taiteleather.com\/pt\/what-does-pu-leather-mean\/\">O que significa couro PU?<\/a><\/li><li><strong>Categoria:<\/strong> <a href=\"https:\/\/taiteleather.com\/pt\/category\/recycled-leather-blog\/\">Blogue sobre couro reciclado<\/a><\/li><li>\u00a0 \u00a0 \u00a0 \u00a0 \u00a0 \u00a0 \u00a0 \u00a0 \u00a0 \u00a0 \u00a0 \u00a0 \u00a0 \u00a0 \u00a0 \u00a0 \u00a0 \u00a0<a href=\"https:\/\/taiteleather.com\/pt\/where-to-buy-recycled-leather\/\">Onde comprar couro reciclado<\/a><\/li><li>\u00a0 \u00a0 \u00a0 \u00a0 \u00a0 \u00a0 \u00a0 \u00a0 \u00a0 \u00a0 \u00a0 \u00a0 \u00a0 \u00a0 \u00a0 \u00a0 \u00a0 \u00a0<a href=\"https:\/\/taiteleather.com\/pt\/what-is-recycled-leather\/\">O que \u00e9 o couro reciclado?<\/a><\/li><li>\u00a0 \u00a0 \u00a0 \u00a0 \u00a0 \u00a0 \u00a0 \u00a0 \u00a0 \u00a0 \u00a0 \u00a0 \u00a0 \u00a0 \u00a0 \u00a0 \u00a0 \u00a0<a href=\"https:\/\/taiteleather.com\/pt\/what-is-recycled-leather-upholstery-fabric\/\">o que \u00e9 o tecido para estofos em pele reciclada<\/a><\/li><li>\u00a0 \u00a0 \u00a0 \u00a0 \u00a0 \u00a0 \u00a0 \u00a0 \u00a0 \u00a0 \u00a0 \u00a0 \u00a0 \u00a0 \u00a0 \u00a0 \u00a0 \u00a0<a href=\"https:\/\/taiteleather.com\/pt\/is-recycled-leather-sustainable\/\">o couro reciclado \u00e9 sustent\u00e1vel<\/a><\/li><li>\u00a0 \u00a0 \u00a0 \u00a0 \u00a0 \u00a0 \u00a0 \u00a0 \u00a0 \u00a0 \u00a0 \u00a0 \u00a0 \u00a0 \u00a0 \u00a0 \u00a0 \u00a0<a href=\"https:\/\/taiteleather.com\/pt\/is-recycled-leather-real-leather\/\">O couro reciclado \u00e9 couro verdadeiro?<\/a><\/li><li>\u00a0 \u00a0 \u00a0 \u00a0 \u00a0 \u00a0 \u00a0 \u00a0 \u00a0 \u00a0 \u00a0 \u00a0 \u00a0 \u00a0 \u00a0 \u00a0 \u00a0 \u00a0<a href=\"https:\/\/taiteleather.com\/pt\/is-recycled-leather-durable\/\">O couro reciclado \u00e9 dur\u00e1vel?<\/a><\/li><li>\u00a0 \u00a0 \u00a0 \u00a0 \u00a0 \u00a0 \u00a0 \u00a0 \u00a0 \u00a0 \u00a0 \u00a0 \u00a0 \u00a0 \u00a0 \u00a0 \u00a0 \u00a0<a href=\"https:\/\/taiteleather.com\/pt\/is-leather-recyclable\/\">O couro \u00e9 recicl\u00e1vel?<\/a><\/li><li>\u00a0 \u00a0 \u00a0 \u00a0 \u00a0 \u00a0 \u00a0 \u00a0 \u00a0 \u00a0 \u00a0 \u00a0 \u00a0 \u00a0 \u00a0 \u00a0 \u00a0 \u00a0<a href=\"https:\/\/taiteleather.com\/pt\/how-to-make-recycled-leather\/\">Como fazer couro reciclado<\/a><\/li><li>\u00a0 \u00a0 \u00a0 \u00a0 \u00a0 \u00a0 \u00a0 \u00a0 \u00a0 \u00a0 \u00a0 \u00a0 \u00a0 \u00a0 \u00a0 \u00a0 \u00a0 \u00a0<a href=\"https:\/\/taiteleather.com\/pt\/how-to-clean-recycled-leather-couch\/\">Como limpar um sof\u00e1 de couro reciclado<\/a><\/li><li>\u00a0 \u00a0 \u00a0 \u00a0 \u00a0 \u00a0 \u00a0 \u00a0 \u00a0 \u00a0 \u00a0 \u00a0 \u00a0 \u00a0 \u00a0 \u00a0 \u00a0 \u00a0<a href=\"https:\/\/taiteleather.com\/pt\/how-is-leather-recycled\/\">Como \u00e9 que o couro \u00e9 reciclado?<\/a><\/li><li><strong>Categoria:<\/strong> <a href=\"https:\/\/taiteleather.com\/pt\/category\/solvent-free-pu-leather-blog\/\">Blogue sobre couro PU sem solventes<\/a><\/li><li>\u00a0 \u00a0 \u00a0 \u00a0 \u00a0 \u00a0 \u00a0 \u00a0 \u00a0 \u00a0 \u00a0 \u00a0 \u00a0 \u00a0 \u00a0 \u00a0 \u00a0 \u00a0<a href=\"https:\/\/taiteleather.com\/pt\/what-is-solvent-free-pu-leather\/\">O que \u00e9 o couro PU sem solventes?<\/a><\/li><li><strong>Categoria:<\/strong> <a href=\"https:\/\/taiteleather.com\/pt\/category\/synthetic-leather-blog\/\">Blogue de couro sint\u00e9tico<\/a><\/li><li>\u00a0 \u00a0 \u00a0 \u00a0 \u00a0 \u00a0 \u00a0 \u00a0 \u00a0 \u00a0 \u00a0 \u00a0 \u00a0 \u00a0 \u00a0 \u00a0 \u00a0 \u00a0<a href=\"https:\/\/taiteleather.com\/pt\/why-use-synthetic-leather\/\">Porqu\u00ea utilizar couro sint\u00e9tico<\/a><\/li><li>\u00a0 \u00a0 \u00a0 \u00a0 \u00a0 \u00a0 \u00a0 \u00a0 \u00a0 \u00a0 \u00a0 \u00a0 \u00a0 \u00a0 \u00a0 \u00a0 \u00a0 \u00a0<a href=\"https:\/\/taiteleather.com\/pt\/where-to-get-leather-supply\/\">Onde comprar artigos de couro<\/a><\/li><li>\u00a0 \u00a0 \u00a0 \u00a0 \u00a0 \u00a0 \u00a0 \u00a0 \u00a0 \u00a0 \u00a0 \u00a0 \u00a0 \u00a0 \u00a0 \u00a0 \u00a0 \u00a0<a href=\"https:\/\/taiteleather.com\/pt\/where-is-leather-manufactured\/\">Onde \u00e9 fabricado o couro?<\/a><\/li><li>\u00a0 \u00a0 \u00a0 \u00a0 \u00a0 \u00a0 \u00a0 \u00a0 \u00a0 \u00a0 \u00a0 \u00a0 \u00a0 \u00a0 \u00a0 \u00a0 \u00a0 \u00a0<a href=\"https:\/\/taiteleather.com\/pt\/what-is-synthetic-leather\/\">O que \u00e9 o couro sint\u00e9tico?<\/a><\/li><li><strong>Categoria:<\/strong> <a href=\"https:\/\/taiteleather.com\/pt\/category\/water-based-leather-blog\/\">Blogue sobre couro \u00e0 base de \u00e1gua<\/a><\/li><li>\u00a0 \u00a0 \u00a0 \u00a0 \u00a0 \u00a0 \u00a0 \u00a0 \u00a0 \u00a0 \u00a0 \u00a0 \u00a0 \u00a0 \u00a0 \u00a0 \u00a0 \u00a0<a href=\"https:\/\/taiteleather.com\/pt\/what-is-water-based-pu-leather\/\">O que \u00e9 o couro PU \u00e0 base de \u00e1gua<\/a><\/li><\/ul>\t\t\t\t\t\t\t\t<\/div>\n\t\t\t\t<\/div>\n\t\t\t\t\t<\/div>\n\t\t\t\t<\/div>\n\t\t<div class=\"elementor-element elementor-element-92299da e-flex e-con-boxed e-con e-parent\" data-id=\"92299da\" data-element_type=\"container\" data-e-type=\"container\">\n\t\t\t\t\t<div class=\"e-con-inner\">\n\t\t<div class=\"elementor-element elementor-element-2b638c9 e-con-full e-flex e-con e-child\" data-id=\"2b638c9\" data-element_type=\"container\" data-e-type=\"container\">\n\t\t\t\t<div class=\"elementor-element elementor-element-759dd5d elementor-widget elementor-widget-heading\" data-id=\"759dd5d\" data-element_type=\"widget\" data-e-type=\"widget\" data-widget_type=\"heading.default\">\n\t\t\t\t\t<h2 class=\"elementor-heading-title elementor-size-default\">Etiquetas:<\/h2>\t\t\t\t<\/div>\n\t\t\t\t<\/div>\n\t\t<div class=\"elementor-element elementor-element-334f5e1 e-con-full e-flex e-con e-child\" data-id=\"334f5e1\" data-element_type=\"container\" data-e-type=\"container\">\n\t\t\t\t<div class=\"elementor-element elementor-element-428041d elementor-widget elementor-widget-text-editor\" data-id=\"428041d\" data-element_type=\"widget\" data-e-type=\"widget\" data-widget_type=\"text-editor.default\">\n\t\t\t\t\t\t\t\t\t<ul><li><a href=\"https:\/\/taiteleather.com\/pt\/tag\/pu-leather-knowledge\/\">Conhecimento de couro PU<\/a><\/li><li><a href=\"https:\/\/taiteleather.com\/pt\/tag\/recycled-leather-knowledge\/\">Conhecimento de couro reciclado<\/a><\/li><\/ul>\t\t\t\t\t\t\t\t<\/div>\n\t\t\t\t<\/div>\n\t\t\t\t\t<\/div>\n\t\t\t\t<\/div>\n\t\t\t\t<\/div>","protected":false},"excerpt":{"rendered":"<p>Sitemap Pages Home Applications \u00a0 \u00a0 \u00a0Sport \u00a0 \u00a0 \u00a0 \u00a0 Ball Fabric \u00a0 \u00a0 \u00a0 \u00a0 Grip Fabric \u00a0 \u00a0 \u00a0 \u00a0 Sport Glove Materials \u00a0 \u00a0 \u00a0Fashion \u00a0 \u00a0 \u00a0 \u00a0 \u00a0Bag Fabric \u00a0 \u00a0 \u00a0 \u00a0 \u00a0Leather Clothing Fabric \u00a0 \u00a0 \u00a0Car Upholstery Leather \u00a0 \u00a0 \u00a0Furniture Leather Fabric \u00a0 \u00a0 \u00a0Electronic [&hellip;]<\/p>\n","protected":false},"author":1,"featured_media":0,"parent":0,"menu_order":0,"comment_status":"closed","ping_status":"closed","template":"","meta":{"footnotes":""},"class_list":["post-3754","page","type-page","status-publish","hentry"],"_links":{"self":[{"href":"https:\/\/taiteleather.com\/pt\/wp-json\/wp\/v2\/pages\/3754","targetHints":{"allow":["GET"]}}],"collection":[{"href":"https:\/\/taiteleather.com\/pt\/wp-json\/wp\/v2\/pages"}],"about":[{"href":"https:\/\/taiteleather.com\/pt\/wp-json\/wp\/v2\/types\/page"}],"author":[{"embeddable":true,"href":"https:\/\/taiteleather.com\/pt\/wp-json\/wp\/v2\/users\/1"}],"replies":[{"embeddable":true,"href":"https:\/\/taiteleather.com\/pt\/wp-json\/wp\/v2\/comments?post=3754"}],"version-history":[{"count":22,"href":"https:\/\/taiteleather.com\/pt\/wp-json\/wp\/v2\/pages\/3754\/revisions"}],"predecessor-version":[{"id":4763,"href":"https:\/\/taiteleather.com\/pt\/wp-json\/wp\/v2\/pages\/3754\/revisions\/4763"}],"wp:attachment":[{"href":"https:\/\/taiteleather.com\/pt\/wp-json\/wp\/v2\/media?parent=3754"}],"curies":[{"name":"wp","href":"https:\/\/api.w.org\/{rel}","templated":true}]}}