{"id":3754,"date":"2024-11-13T10:55:55","date_gmt":"2024-11-13T02:55:55","guid":{"rendered":"https:\/\/taiteleather.com\/?page_id=3754"},"modified":"2025-03-31T10:17:56","modified_gmt":"2025-03-31T02:17:56","slug":"sitemap","status":"publish","type":"page","link":"https:\/\/taiteleather.com\/es\/sitemap\/","title":{"rendered":"Mapa del sitio"},"content":{"rendered":"<div data-elementor-type=\"wp-page\" data-elementor-id=\"3754\" class=\"elementor elementor-3754\" data-elementor-post-type=\"page\">\n\t\t\t\t<div class=\"elementor-element elementor-element-1be4bd5 e-flex e-con-boxed e-con e-parent\" data-id=\"1be4bd5\" data-element_type=\"container\" data-e-type=\"container\">\n\t\t\t\t\t<div class=\"e-con-inner\">\n\t\t<div class=\"elementor-element elementor-element-dd93182 e-con-full e-flex e-con e-child\" data-id=\"dd93182\" data-element_type=\"container\" data-e-type=\"container\">\n\t\t\t\t<div class=\"elementor-element elementor-element-028058e elementor-widget elementor-widget-heading\" data-id=\"028058e\" data-element_type=\"widget\" data-e-type=\"widget\" data-widget_type=\"heading.default\">\n\t\t\t\t\t<h1 class=\"elementor-heading-title elementor-size-default\">Mapa del sitio<\/h1>\t\t\t\t<\/div>\n\t\t\t\t<\/div>\n\t\t<div class=\"elementor-element elementor-element-5a92a7e e-con-full e-flex e-con e-child\" data-id=\"5a92a7e\" data-element_type=\"container\" data-e-type=\"container\">\n\t\t\t\t<div class=\"elementor-element elementor-element-087d3d1 elementor-widget elementor-widget-heading\" data-id=\"087d3d1\" data-element_type=\"widget\" data-e-type=\"widget\" data-widget_type=\"heading.default\">\n\t\t\t\t\t<h2 class=\"elementor-heading-title elementor-size-default\">P\u00e1ginas<\/h2>\t\t\t\t<\/div>\n\t\t\t\t<div class=\"elementor-element elementor-element-801e4a5 elementor-widget elementor-widget-text-editor\" data-id=\"801e4a5\" data-element_type=\"widget\" data-e-type=\"widget\" data-widget_type=\"text-editor.default\">\n\t\t\t\t\t\t\t\t\t<ul><li><a href=\"https:\/\/taiteleather.com\/es\/\">Inicio<\/a><\/li><li><a href=\"https:\/\/taiteleather.com\/es\/applications\/\">Aplicaciones<\/a><\/li><\/ul><p>\u00a0 \u00a0 \u00a0<a href=\"https:\/\/taiteleather.com\/es\/applications\/sport\/\">Deporte<\/a><\/p><p>\u00a0 \u00a0 \u00a0 \u00a0 <a href=\"https:\/\/taiteleather.com\/es\/applications\/sport\/ball-fabric\/\">Tejido de bolas<\/a><\/p><p>\u00a0 \u00a0 \u00a0 \u00a0 <a href=\"https:\/\/taiteleather.com\/es\/applications\/sport\/grip-fabric\/\">Tejido de agarre<\/a><\/p><p>\u00a0 \u00a0 \u00a0 \u00a0 <a href=\"https:\/\/taiteleather.com\/es\/applications\/sport-glove-materials\/\">Materiales de los guantes deportivos<\/a><\/p><p>\u00a0 \u00a0 \u00a0<a href=\"https:\/\/taiteleather.com\/es\/applications\/fashion\/\">Moda<\/a><\/p><p>\u00a0 \u00a0 \u00a0 \u00a0 \u00a0<a href=\"https:\/\/taiteleather.com\/es\/applications\/fashion\/bag-fabric\/\">Bolsa de tela<\/a><\/p><p>\u00a0 \u00a0 \u00a0 \u00a0 \u00a0<a href=\"https:\/\/taiteleather.com\/es\/applications\/sport-glove-materials\/\">Ropa de cuero Tejido<\/a><\/p><p>\u00a0 \u00a0 \u00a0<a href=\"https:\/\/taiteleather.com\/es\/applications\/car-upholstery-leather\/\">Tapicer\u00eda de cuero para coches<\/a><\/p><p>\u00a0 \u00a0 \u00a0<a href=\"https:\/\/taiteleather.com\/es\/applications\/furniture\/furniture-leather-fabric\/\">Muebles Piel Tejido<\/a><\/p><p>\u00a0 \u00a0 \u00a0<a href=\"https:\/\/taiteleather.com\/es\/applications\/electronic-product-fabric\/\">Tejido de productos electr\u00f3nicos<\/a><\/p><p>\u00a0 \u00a0 \u00a0<a href=\"https:\/\/taiteleather.com\/es\/applications\/medical-product-leather-fabrics\/\">Tejidos de piel para productos m\u00e9dicos<\/a><\/p><ul><li><a href=\"https:\/\/taiteleather.com\/es\/leather-fabric\/\">Tejido de cuero<\/a><\/li><\/ul><p>\u00a0 \u00a0 \u00a0 \u00a0 <a href=\"https:\/\/taiteleather.com\/es\/leather-fabric\/pu-leather\/\">cuero de pu<\/a><\/p><p>\u00a0 \u00a0 \u00a0 \u00a0 \u00a0 \u00a0<a href=\"https:\/\/taiteleather.com\/es\/leather-fabric\/pu-leather\/regular-pu-leather\/\">Cuero PU normal<\/a><\/p><p>\u00a0 \u00a0 \u00a0 \u00a0 \u00a0 \u00a0<a href=\"https:\/\/taiteleather.com\/es\/leather-fabric\/pu-leather\/pu-leather-for-racket-grip\/\">Pu de cuero para la empu\u00f1adura de la raqueta<\/a><\/p><p>\u00a0 \u00a0 \u00a0 \u00a0 \u00a0 \u00a0<a href=\"https:\/\/taiteleather.com\/es\/leather-fabric\/pu-leather\/water-based-pu-leather\/\">Cuero PU al agua<\/a><\/p><p>\u00a0 \u00a0 \u00a0 \u00a0 \u00a0 \u00a0 <a href=\"https:\/\/taiteleather.com\/es\/leather-fabric\/pu-leather\/solvent-free-pu-leather\/\">Cuero PU sin disolventes<\/a><\/p><p>\u00a0 \u00a0 \u00a0 \u00a0 \u00a0 \u00a0 <a href=\"https:\/\/taiteleather.com\/es\/leather-fabric\/pu-leather\/recycled-leather\/\">Cuero reciclado<\/a><\/p><p>\u00a0 \u00a0 \u00a0 \u00a0<a href=\"https:\/\/taiteleather.com\/es\/leather-fabric\/microfiber-leather\/\"> cuero microfibra<\/a><\/p><p>\u00a0 \u00a0 \u00a0 \u00a0 \u00a0 \u00a0 \u00a0<a href=\"https:\/\/taiteleather.com\/es\/leather-fabric\/microfiber-leather\/microfiber-leather-fabric-for-sofa\/\">Tejido de microfibra para sof\u00e1s<\/a><\/p><p>\u00a0 \u00a0 \u00a0 \u00a0 \u00a0 \u00a0 \u00a0<a href=\"https:\/\/taiteleather.com\/es\/leather-fabric\/microfiber-leather\/microfiber-leather-for-car\/\">Microfibra Cuero Para Coche<\/a><\/p><p>\u00a0 \u00a0 \u00a0 \u00a0 \u00a0 \u00a0 \u00a0<a href=\"https:\/\/taiteleather.com\/es\/leather-fabric\/microfiber-leather\/microfiber-leather-for-shoes\/\">microfibra de cuero para zapatos<\/a><\/p><p>\u00a0 \u00a0 \u00a0 \u00a0 <a href=\"https:\/\/taiteleather.com\/es\/leather-fabric\/biodegradable-leather\/\">Piel biodegradable<\/a><\/p><ul><li><a href=\"https:\/\/taiteleather.com\/es\/about-taite-group\/\">Acerca de Taite Group<\/a><\/li><li><a href=\"https:\/\/taiteleather.com\/es\/blog\/\">Blog<\/a><\/li><li><a href=\"https:\/\/taiteleather.com\/es\/contact\/\">P\u00f3ngase en contacto con<\/a><\/li><\/ul>\t\t\t\t\t\t\t\t<\/div>\n\t\t\t\t<\/div>\n\t\t<div class=\"elementor-element elementor-element-c2acac0 e-con-full e-flex e-con e-child\" data-id=\"c2acac0\" data-element_type=\"container\" data-e-type=\"container\">\n\t\t\t\t<div class=\"elementor-element elementor-element-c7655c6 elementor-widget elementor-widget-heading\" data-id=\"c7655c6\" data-element_type=\"widget\" data-e-type=\"widget\" data-widget_type=\"heading.default\">\n\t\t\t\t\t<h2 class=\"elementor-heading-title elementor-size-default\">Categor\u00edas de art\u00edculos<\/h2>\t\t\t\t<\/div>\n\t\t\t\t<\/div>\n\t\t<div class=\"elementor-element elementor-element-02a14f1 e-con-full e-flex e-con e-child\" data-id=\"02a14f1\" data-element_type=\"container\" data-e-type=\"container\">\n\t\t\t\t<div class=\"elementor-element elementor-element-fd25ae8 elementor-widget elementor-widget-text-editor\" data-id=\"fd25ae8\" data-element_type=\"widget\" data-e-type=\"widget\" data-widget_type=\"text-editor.default\">\n\t\t\t\t\t\t\t\t\t<ul><li><strong>Categor\u00eda:<\/strong> <a href=\"https:\/\/taiteleather.com\/es\/category\/biodegradable-leather-blog\/\">Blog sobre cuero biodegradable<\/a><\/li><li>\u00a0 \u00a0 \u00a0 \u00a0 \u00a0 \u00a0 \u00a0 \u00a0 \u00a0 \u00a0 \u00a0 \u00a0 \u00a0<a href=\"https:\/\/taiteleather.com\/es\/what-is-biodegradable-leather\/\">Qu\u00e9 es el cuero biodegradable<\/a><\/li><li>\u00a0 \u00a0 \u00a0 \u00a0 \u00a0 \u00a0 \u00a0 \u00a0 \u00a0 \u00a0 \u00a0 \u00a0 \u00a0<a href=\"https:\/\/taiteleather.com\/es\/is-leather-biodegradable\/\">\u00bfEs biodegradable el cuero?<\/a><\/li><li><strong>Categor\u00eda:<\/strong> <a href=\"https:\/\/taiteleather.com\/es\/category\/fabric-blog\/\">Blog de tejidos<\/a><\/li><li>\u00a0 \u00a0 \u00a0 \u00a0 \u00a0 \u00a0 \u00a0 \u00a0 \u00a0 \u00a0 \u00a0 \u00a0 \u00a0<a href=\"https:\/\/taiteleather.com\/es\/can-you-glue-fabric-to-leather\/\">\u00bfSe puede pegar tela al cuero?<\/a><\/li><li>\u00a0 \u00a0 \u00a0 \u00a0 \u00a0 \u00a0 \u00a0 \u00a0 \u00a0 \u00a0 \u00a0 \u00a0 \u00a0<a href=\"https:\/\/taiteleather.com\/es\/where-can-i-buy-leather-fabric\/\">\u00bfD\u00f3nde puedo comprar tela de cuero?<\/a><\/li><li>\u00a0 \u00a0 \u00a0 \u00a0 \u00a0 \u00a0 \u00a0 \u00a0 \u00a0 \u00a0 \u00a0 \u00a0 \u00a0<a href=\"https:\/\/taiteleather.com\/es\/what-is-leather-fabric\/\">Qu\u00e9 es el tejido de cuero<\/a><\/li><li>\u00a0 \u00a0 \u00a0 \u00a0 \u00a0 \u00a0 \u00a0 \u00a0 \u00a0 \u00a0 \u00a0 \u00a0 \u00a0<a href=\"https:\/\/taiteleather.com\/es\/what-is-faux-leather-fabric-made-of\/\">\u00bfDe qu\u00e9 est\u00e1 hecho el tejido de piel sint\u00e9tica?<\/a><\/li><li>\u00a0 \u00a0 \u00a0 \u00a0 \u00a0 \u00a0 \u00a0 \u00a0 \u00a0 \u00a0 \u00a0 \u00a0 \u00a0<a href=\"https:\/\/taiteleather.com\/es\/is-leather-look-fabric-durable\/\">\u00bfEs duradero el tejido con aspecto de cuero?<\/a><\/li><li>\u00a0 \u00a0 \u00a0 \u00a0 \u00a0 \u00a0 \u00a0 \u00a0 \u00a0 \u00a0 \u00a0 \u00a0 <a href=\"https:\/\/taiteleather.com\/es\/is-leather-fabric-expensive\/\">\u00a0\u00bfEs caro el tejido de piel?<\/a><\/li><li>\u00a0 \u00a0 \u00a0 \u00a0 \u00a0 \u00a0 \u00a0 \u00a0 \u00a0 \u00a0 \u00a0 \u00a0 \u00a0<a href=\"https:\/\/taiteleather.com\/es\/is-leather-better-than-fabric\/\">\u00bfEs mejor la piel que la tela?<\/a><\/li><li>\u00a0 \u00a0 \u00a0 \u00a0 \u00a0 \u00a0 \u00a0 \u00a0 \u00a0 \u00a0 \u00a0 \u00a0 \u00a0<a href=\"https:\/\/taiteleather.com\/es\/is-leather-a-non-woven-fabric\/\">\u00bfEs el cuero un tejido no tejido?<\/a><\/li><li>\u00a0 \u00a0 \u00a0 \u00a0 \u00a0 \u00a0 \u00a0 \u00a0 \u00a0 \u00a0 \u00a0 \u00a0 \u00a0<a href=\"https:\/\/taiteleather.com\/es\/is-leather-a-natural-fabric\/\">\u00bfEs el cuero un tejido natural?<\/a><\/li><li>\u00a0 \u00a0 \u00a0 \u00a0 \u00a0 \u00a0 \u00a0 \u00a0 \u00a0 \u00a0 \u00a0 \u00a0 \u00a0<a href=\"https:\/\/taiteleather.com\/es\/how-much-does-leather-fabric-cost\/\">\u00bfCu\u00e1nto cuesta un tejido de cuero?<\/a><\/li><li><strong>Categor\u00eda:<\/strong> <a href=\"https:\/\/taiteleather.com\/es\/category\/grip-tape-blog\/\">Grip Tape Blog<\/a><\/li><li><a href=\"https:\/\/taiteleather.com\/es\/how-to-make-a-custom-grip-tape\/\">\u00a0 \u00a0 \u00a0 \u00a0 \u00a0 \u00a0 \u00a0 \u00a0 \u00a0 \u00a0 \u00a0 \u00a0 \u00a0C\u00f3mo hacer una cinta de agarre personalizada<\/a><\/li><li><strong>Categor\u00eda:<\/strong> <a href=\"https:\/\/taiteleather.com\/es\/category\/microfiber-leather-blog\/\">Microfibra de cuero Blog<\/a><\/li><li>\u00a0 \u00a0 \u00a0 \u00a0 \u00a0 \u00a0 \u00a0 \u00a0 \u00a0 \u00a0 \u00a0 \u00a0 \u00a0 \u00a0 \u00a0 <a href=\"https:\/\/taiteleather.com\/es\/which-is-more-comfortable-and-durable-microfiber-or-faux-leather\/\">\u00bfQu\u00e9 es m\u00e1s c\u00f3modo y duradero, la microfibra o la piel sint\u00e9tica?<\/a><\/li><li><a href=\"https:\/\/taiteleather.com\/es\/what-is-the-difference-between-microfiber-leather-and-normal-leather\/\">\u00a0 \u00a0 \u00a0 \u00a0 \u00a0 \u00a0 \u00a0 \u00a0 \u00a0 \u00a0 \u00a0 \u00a0 \u00a0 \u00a0 \u00a0 \u00bfCu\u00e1l es la diferencia entre la piel de microfibra y la piel normal?<\/a><\/li><li>\u00a0 \u00a0 \u00a0 \u00a0 \u00a0 \u00a0 \u00a0 \u00a0 \u00a0 \u00a0 \u00a0 \u00a0 \u00a0 \u00a0 \u00a0 <a href=\"https:\/\/taiteleather.com\/es\/what-is-microfiber-pu-leather\/\">Qu\u00e9 es el cuero PU microfibra<\/a><\/li><li>\u00a0 \u00a0 \u00a0 \u00a0 \u00a0 \u00a0 \u00a0 \u00a0 \u00a0 \u00a0 \u00a0 \u00a0 \u00a0 \u00a0 \u00a0 <a href=\"https:\/\/taiteleather.com\/es\/what-is-microfiber-leather-made-of\/\">\u00bfDe qu\u00e9 est\u00e1 hecha la piel de microfibra?<\/a><\/li><li>\u00a0 \u00a0 \u00a0 \u00a0 \u00a0 \u00a0 \u00a0 \u00a0 \u00a0 \u00a0 \u00a0 \u00a0 \u00a0 \u00a0 \u00a0 <a href=\"https:\/\/taiteleather.com\/es\/what-is-microfiber-leather\/\">Qu\u00e9 es la microfibra de cuero<\/a><\/li><li>\u00a0 \u00a0 \u00a0 \u00a0 \u00a0 \u00a0 \u00a0 \u00a0 \u00a0 \u00a0 \u00a0 \u00a0 \u00a0 \u00a0 \u00a0 <a href=\"https:\/\/taiteleather.com\/es\/is-microfiber-leather-waterproof\/\">\u00bfEs impermeable la piel de microfibra?<\/a><\/li><li>\u00a0 \u00a0 \u00a0 \u00a0 \u00a0 \u00a0 \u00a0 \u00a0 \u00a0 \u00a0 \u00a0 \u00a0 \u00a0 \u00a0 \u00a0 <a href=\"https:\/\/taiteleather.com\/es\/is-microfiber-leather-eco-friendly\/\">\u00bfEs ecol\u00f3gica la piel de microfibra?<\/a><\/li><li>\u00a0 \u00a0 \u00a0 \u00a0 \u00a0 \u00a0 \u00a0 \u00a0 \u00a0 \u00a0 \u00a0 \u00a0 \u00a0 \u00a0 \u00a0 <a href=\"https:\/\/taiteleather.com\/es\/is-microfiber-leather-durable\/\">\u00bfEs duradera la piel de microfibra?<\/a><\/li><li>\u00a0 \u00a0 \u00a0 \u00a0 \u00a0 \u00a0 \u00a0 \u00a0 \u00a0 \u00a0 \u00a0 \u00a0 \u00a0 \u00a0 \u00a0 <a href=\"https:\/\/taiteleather.com\/es\/how-to-clean-microfiber-faux-leather-couch\/\">C\u00f3mo limpiar el sof\u00e1 de microfibra de imitaci\u00f3n de cuero<\/a><\/li><li>\u00a0 \u00a0 \u00a0 \u00a0 \u00a0 \u00a0 \u00a0 \u00a0 \u00a0 \u00a0 \u00a0 \u00a0 \u00a0 \u00a0 \u00a0 <a href=\"https:\/\/taiteleather.com\/es\/how-long-does-microfiber-leather-last\/\">\u00bfCu\u00e1nto dura el cuero de microfibra?<\/a><\/li><li><strong>Categor\u00eda:<\/strong> <a href=\"https:\/\/taiteleather.com\/es\/category\/pu-leather-blog\/\">Blog de cuero PU<\/a><\/li><li>\u00a0 \u00a0 \u00a0 \u00a0 \u00a0 \u00a0 \u00a0 \u00a0 \u00a0 \u00a0 \u00a0 \u00a0 \u00a0 \u00a0 \u00a0 <a href=\"https:\/\/taiteleather.com\/es\/what-is-microfiber-pu-leather\/\">Qu\u00e9 es el cuero PU microfibra<\/a><\/li><li>\u00a0 \u00a0 \u00a0 \u00a0 \u00a0 \u00a0 \u00a0 \u00a0 \u00a0 \u00a0 \u00a0 \u00a0 \u00a0 \u00a0 \u00a0 <a href=\"https:\/\/taiteleather.com\/es\/what-is-water-based-pu-leather\/\">Qu\u00e9 es el cuero PU al agua<\/a><\/li><li>\u00a0 \u00a0 \u00a0 \u00a0 \u00a0 \u00a0 \u00a0 \u00a0 \u00a0 \u00a0 \u00a0 \u00a0 \u00a0 \u00a0 \u00a0 <a href=\"https:\/\/taiteleather.com\/es\/is-pu-leather-durable\/\">\u00bfEs duradera la piel de pu?<\/a><\/li><li>\u00a0 \u00a0 \u00a0 \u00a0 \u00a0 \u00a0 \u00a0 \u00a0 \u00a0 \u00a0 \u00a0 \u00a0 \u00a0 \u00a0 \u00a0 <a href=\"https:\/\/taiteleather.com\/es\/how-to-clean-pu-leather\/\">C\u00f3mo limpiar la piel de pu<\/a><\/li><li>\u00a0 \u00a0 \u00a0 \u00a0 \u00a0 \u00a0 \u00a0 \u00a0 \u00a0 \u00a0 \u00a0 \u00a0 \u00a0 \u00a0 \u00a0 <a href=\"https:\/\/taiteleather.com\/es\/how-long-does-pu-leather-last\/\">\u00bfCu\u00e1nto dura el cuero de pu?<\/a><\/li><li>\u00a0 \u00a0 \u00a0 \u00a0 \u00a0 \u00a0 \u00a0 \u00a0 \u00a0 \u00a0 \u00a0 \u00a0 \u00a0 \u00a0 \u00a0 <a href=\"https:\/\/taiteleather.com\/es\/does-pu-leather-smell\/\">\u00bfHuele el cuero de pu?<\/a><\/li><li>\u00a0 \u00a0 \u00a0 \u00a0 \u00a0 \u00a0 \u00a0 \u00a0 \u00a0 \u00a0 \u00a0 \u00a0 \u00a0 \u00a0 \u00a0 <a href=\"https:\/\/taiteleather.com\/es\/is-pu-leather-real\/\">\u00bfEs aut\u00e9ntica la piel de pu?<\/a><\/li><li>\u00a0 \u00a0 \u00a0 \u00a0 \u00a0 \u00a0 \u00a0 \u00a0 \u00a0 \u00a0 \u00a0 \u00a0 \u00a0 \u00a0 \u00a0 <a href=\"https:\/\/taiteleather.com\/es\/is-pu-leather-toxic\/\">\u00bfEs t\u00f3xico el cuero de pu<\/a><\/li><li>\u00a0 \u00a0 \u00a0 \u00a0 \u00a0 \u00a0 \u00a0 \u00a0 \u00a0 \u00a0 \u00a0 \u00a0 \u00a0 \u00a0 \u00a0 <a href=\"https:\/\/taiteleather.com\/es\/is-pu-leather-waterproof\/\">\u00bfEs impermeable la piel de pu?<\/a><\/li><li>\u00a0 \u00a0 \u00a0 \u00a0 \u00a0 \u00a0 \u00a0 \u00a0 \u00a0 \u00a0 \u00a0 \u00a0 \u00a0 \u00a0 \u00a0 <a href=\"https:\/\/taiteleather.com\/es\/what-does-pu-leather-mean\/\">\u00bfQu\u00e9 significa cuero PU?<\/a><\/li><li><strong>Categor\u00eda:<\/strong> <a href=\"https:\/\/taiteleather.com\/es\/category\/recycled-leather-blog\/\">Blog de cuero reciclado<\/a><\/li><li>\u00a0 \u00a0 \u00a0 \u00a0 \u00a0 \u00a0 \u00a0 \u00a0 \u00a0 \u00a0 \u00a0 \u00a0 \u00a0 \u00a0 \u00a0 \u00a0 \u00a0 \u00a0<a href=\"https:\/\/taiteleather.com\/es\/where-to-buy-recycled-leather\/\">D\u00f3nde comprar cuero reciclado<\/a><\/li><li>\u00a0 \u00a0 \u00a0 \u00a0 \u00a0 \u00a0 \u00a0 \u00a0 \u00a0 \u00a0 \u00a0 \u00a0 \u00a0 \u00a0 \u00a0 \u00a0 \u00a0 \u00a0<a href=\"https:\/\/taiteleather.com\/es\/what-is-recycled-leather\/\">Qu\u00e9 es el cuero reciclado<\/a><\/li><li>\u00a0 \u00a0 \u00a0 \u00a0 \u00a0 \u00a0 \u00a0 \u00a0 \u00a0 \u00a0 \u00a0 \u00a0 \u00a0 \u00a0 \u00a0 \u00a0 \u00a0 \u00a0<a href=\"https:\/\/taiteleather.com\/es\/what-is-recycled-leather-upholstery-fabric\/\">qu\u00e9 es el tejido de tapicer\u00eda de cuero reciclado<\/a><\/li><li>\u00a0 \u00a0 \u00a0 \u00a0 \u00a0 \u00a0 \u00a0 \u00a0 \u00a0 \u00a0 \u00a0 \u00a0 \u00a0 \u00a0 \u00a0 \u00a0 \u00a0 \u00a0<a href=\"https:\/\/taiteleather.com\/es\/is-recycled-leather-sustainable\/\">\u00bfes sostenible el cuero reciclado?<\/a><\/li><li>\u00a0 \u00a0 \u00a0 \u00a0 \u00a0 \u00a0 \u00a0 \u00a0 \u00a0 \u00a0 \u00a0 \u00a0 \u00a0 \u00a0 \u00a0 \u00a0 \u00a0 \u00a0<a href=\"https:\/\/taiteleather.com\/es\/is-recycled-leather-real-leather\/\">\u00bfEs el cuero reciclado cuero aut\u00e9ntico?<\/a><\/li><li>\u00a0 \u00a0 \u00a0 \u00a0 \u00a0 \u00a0 \u00a0 \u00a0 \u00a0 \u00a0 \u00a0 \u00a0 \u00a0 \u00a0 \u00a0 \u00a0 \u00a0 \u00a0<a href=\"https:\/\/taiteleather.com\/es\/is-recycled-leather-durable\/\">\u00bfEs duradero el cuero reciclado?<\/a><\/li><li>\u00a0 \u00a0 \u00a0 \u00a0 \u00a0 \u00a0 \u00a0 \u00a0 \u00a0 \u00a0 \u00a0 \u00a0 \u00a0 \u00a0 \u00a0 \u00a0 \u00a0 \u00a0<a href=\"https:\/\/taiteleather.com\/es\/is-leather-recyclable\/\">\u00bfEs reciclable el cuero?<\/a><\/li><li>\u00a0 \u00a0 \u00a0 \u00a0 \u00a0 \u00a0 \u00a0 \u00a0 \u00a0 \u00a0 \u00a0 \u00a0 \u00a0 \u00a0 \u00a0 \u00a0 \u00a0 \u00a0<a href=\"https:\/\/taiteleather.com\/es\/how-to-make-recycled-leather\/\">C\u00f3mo hacer cuero reciclado<\/a><\/li><li>\u00a0 \u00a0 \u00a0 \u00a0 \u00a0 \u00a0 \u00a0 \u00a0 \u00a0 \u00a0 \u00a0 \u00a0 \u00a0 \u00a0 \u00a0 \u00a0 \u00a0 \u00a0<a href=\"https:\/\/taiteleather.com\/es\/how-to-clean-recycled-leather-couch\/\">C\u00f3mo limpiar el sof\u00e1 de cuero reciclado<\/a><\/li><li>\u00a0 \u00a0 \u00a0 \u00a0 \u00a0 \u00a0 \u00a0 \u00a0 \u00a0 \u00a0 \u00a0 \u00a0 \u00a0 \u00a0 \u00a0 \u00a0 \u00a0 \u00a0<a href=\"https:\/\/taiteleather.com\/es\/how-is-leather-recycled\/\">C\u00f3mo se recicla el cuero<\/a><\/li><li><strong>Categor\u00eda:<\/strong> <a href=\"https:\/\/taiteleather.com\/es\/category\/solvent-free-pu-leather-blog\/\">Blog sobre cuero PU sin disolventes<\/a><\/li><li>\u00a0 \u00a0 \u00a0 \u00a0 \u00a0 \u00a0 \u00a0 \u00a0 \u00a0 \u00a0 \u00a0 \u00a0 \u00a0 \u00a0 \u00a0 \u00a0 \u00a0 \u00a0<a href=\"https:\/\/taiteleather.com\/es\/what-is-solvent-free-pu-leather\/\">Qu\u00e9 es el cuero PU sin disolventes<\/a><\/li><li><strong>Categor\u00eda:<\/strong> <a href=\"https:\/\/taiteleather.com\/es\/category\/synthetic-leather-blog\/\">Blog de cuero sint\u00e9tico<\/a><\/li><li>\u00a0 \u00a0 \u00a0 \u00a0 \u00a0 \u00a0 \u00a0 \u00a0 \u00a0 \u00a0 \u00a0 \u00a0 \u00a0 \u00a0 \u00a0 \u00a0 \u00a0 \u00a0<a href=\"https:\/\/taiteleather.com\/es\/why-use-synthetic-leather\/\">Por qu\u00e9 utilizar piel sint\u00e9tica<\/a><\/li><li>\u00a0 \u00a0 \u00a0 \u00a0 \u00a0 \u00a0 \u00a0 \u00a0 \u00a0 \u00a0 \u00a0 \u00a0 \u00a0 \u00a0 \u00a0 \u00a0 \u00a0 \u00a0<a href=\"https:\/\/taiteleather.com\/es\/where-to-get-leather-supply\/\">D\u00f3nde conseguir suministros de cuero<\/a><\/li><li>\u00a0 \u00a0 \u00a0 \u00a0 \u00a0 \u00a0 \u00a0 \u00a0 \u00a0 \u00a0 \u00a0 \u00a0 \u00a0 \u00a0 \u00a0 \u00a0 \u00a0 \u00a0<a href=\"https:\/\/taiteleather.com\/es\/where-is-leather-manufactured\/\">D\u00f3nde se fabrica el cuero<\/a><\/li><li>\u00a0 \u00a0 \u00a0 \u00a0 \u00a0 \u00a0 \u00a0 \u00a0 \u00a0 \u00a0 \u00a0 \u00a0 \u00a0 \u00a0 \u00a0 \u00a0 \u00a0 \u00a0<a href=\"https:\/\/taiteleather.com\/es\/what-is-synthetic-leather\/\">Qu\u00e9 es el cuero sint\u00e9tico<\/a><\/li><li><strong>Categor\u00eda:<\/strong> <a href=\"https:\/\/taiteleather.com\/es\/category\/water-based-leather-blog\/\">Blog sobre cuero al agua<\/a><\/li><li>\u00a0 \u00a0 \u00a0 \u00a0 \u00a0 \u00a0 \u00a0 \u00a0 \u00a0 \u00a0 \u00a0 \u00a0 \u00a0 \u00a0 \u00a0 \u00a0 \u00a0 \u00a0<a href=\"https:\/\/taiteleather.com\/es\/what-is-water-based-pu-leather\/\">Qu\u00e9 es el cuero PU al agua<\/a><\/li><\/ul>\t\t\t\t\t\t\t\t<\/div>\n\t\t\t\t<\/div>\n\t\t\t\t\t<\/div>\n\t\t\t\t<\/div>\n\t\t<div class=\"elementor-element elementor-element-92299da e-flex e-con-boxed e-con e-parent\" data-id=\"92299da\" data-element_type=\"container\" data-e-type=\"container\">\n\t\t\t\t\t<div class=\"e-con-inner\">\n\t\t<div class=\"elementor-element elementor-element-2b638c9 e-con-full e-flex e-con e-child\" data-id=\"2b638c9\" data-element_type=\"container\" data-e-type=\"container\">\n\t\t\t\t<div class=\"elementor-element elementor-element-759dd5d elementor-widget elementor-widget-heading\" data-id=\"759dd5d\" data-element_type=\"widget\" data-e-type=\"widget\" data-widget_type=\"heading.default\">\n\t\t\t\t\t<h2 class=\"elementor-heading-title elementor-size-default\">Etiquetas:<\/h2>\t\t\t\t<\/div>\n\t\t\t\t<\/div>\n\t\t<div class=\"elementor-element elementor-element-334f5e1 e-con-full e-flex e-con e-child\" data-id=\"334f5e1\" data-element_type=\"container\" data-e-type=\"container\">\n\t\t\t\t<div class=\"elementor-element elementor-element-428041d elementor-widget elementor-widget-text-editor\" data-id=\"428041d\" data-element_type=\"widget\" data-e-type=\"widget\" data-widget_type=\"text-editor.default\">\n\t\t\t\t\t\t\t\t\t<ul><li><a href=\"https:\/\/taiteleather.com\/es\/tag\/pu-leather-knowledge\/\">Conocimientos de cuero PU<\/a><\/li><li><a href=\"https:\/\/taiteleather.com\/es\/tag\/recycled-leather-knowledge\/\">Conocimientos de cuero reciclado<\/a><\/li><\/ul>\t\t\t\t\t\t\t\t<\/div>\n\t\t\t\t<\/div>\n\t\t\t\t\t<\/div>\n\t\t\t\t<\/div>\n\t\t\t\t<\/div>","protected":false},"excerpt":{"rendered":"<p>Sitemap Pages Home Applications \u00a0 \u00a0 \u00a0Sport \u00a0 \u00a0 \u00a0 \u00a0 Ball Fabric \u00a0 \u00a0 \u00a0 \u00a0 Grip Fabric \u00a0 \u00a0 \u00a0 \u00a0 Sport Glove Materials \u00a0 \u00a0 \u00a0Fashion \u00a0 \u00a0 \u00a0 \u00a0 \u00a0Bag Fabric \u00a0 \u00a0 \u00a0 \u00a0 \u00a0Leather Clothing Fabric \u00a0 \u00a0 \u00a0Car Upholstery Leather \u00a0 \u00a0 \u00a0Furniture Leather Fabric \u00a0 \u00a0 \u00a0Electronic [&hellip;]<\/p>\n","protected":false},"author":1,"featured_media":0,"parent":0,"menu_order":0,"comment_status":"closed","ping_status":"closed","template":"","meta":{"footnotes":""},"class_list":["post-3754","page","type-page","status-publish","hentry"],"_links":{"self":[{"href":"https:\/\/taiteleather.com\/es\/wp-json\/wp\/v2\/pages\/3754","targetHints":{"allow":["GET"]}}],"collection":[{"href":"https:\/\/taiteleather.com\/es\/wp-json\/wp\/v2\/pages"}],"about":[{"href":"https:\/\/taiteleather.com\/es\/wp-json\/wp\/v2\/types\/page"}],"author":[{"embeddable":true,"href":"https:\/\/taiteleather.com\/es\/wp-json\/wp\/v2\/users\/1"}],"replies":[{"embeddable":true,"href":"https:\/\/taiteleather.com\/es\/wp-json\/wp\/v2\/comments?post=3754"}],"version-history":[{"count":22,"href":"https:\/\/taiteleather.com\/es\/wp-json\/wp\/v2\/pages\/3754\/revisions"}],"predecessor-version":[{"id":4763,"href":"https:\/\/taiteleather.com\/es\/wp-json\/wp\/v2\/pages\/3754\/revisions\/4763"}],"wp:attachment":[{"href":"https:\/\/taiteleather.com\/es\/wp-json\/wp\/v2\/media?parent=3754"}],"curies":[{"name":"wp","href":"https:\/\/api.w.org\/{rel}","templated":true}]}}